{"id":2332,"date":"2025-03-19T14:41:03","date_gmt":"2025-03-19T14:41:03","guid":{"rendered":"https:\/\/mindithr.com\/?page_id=2332"},"modified":"2025-03-26T18:17:14","modified_gmt":"2025-03-26T18:17:14","slug":"mantenimiento","status":"publish","type":"page","link":"https:\/\/mindithr.com\/en\/mantenimiento\/","title":{"rendered":"Mantenimiento"},"content":{"rendered":"<div data-elementor-type=\"wp-page\" data-elementor-id=\"2332\" class=\"elementor elementor-2332\" data-elementor-post-type=\"page\">\n\t\t\t\t<div data-particle_enable=\"false\" data-particle-mobile-disabled=\"false\" class=\"elementor-element elementor-element-aebf7dc e-flex e-con-boxed e-con e-parent\" data-id=\"aebf7dc\" data-element_type=\"container\" data-e-type=\"container\" data-settings=\"{&quot;background_background&quot;:&quot;classic&quot;}\">\n\t\t\t\t\t<div class=\"e-con-inner\">\n\t\t<div data-particle_enable=\"false\" data-particle-mobile-disabled=\"false\" class=\"elementor-element elementor-element-ef3d10f e-con-full e-flex e-con e-child\" data-id=\"ef3d10f\" data-element_type=\"container\" data-e-type=\"container\">\n\t\t\t\t<div class=\"elementor-element elementor-element-3e6b25e e-transform e-transform elementor-widget elementor-widget-image\" data-id=\"3e6b25e\" data-element_type=\"widget\" data-e-type=\"widget\" data-settings=\"{&quot;_transform_rotateZ_effect&quot;:{&quot;unit&quot;:&quot;px&quot;,&quot;size&quot;:0,&quot;sizes&quot;:[]},&quot;_transform_rotateZ_effect_hover&quot;:{&quot;unit&quot;:&quot;px&quot;,&quot;size&quot;:360,&quot;sizes&quot;:[]},&quot;_transform_rotateZ_effect_widescreen&quot;:{&quot;unit&quot;:&quot;deg&quot;,&quot;size&quot;:&quot;&quot;,&quot;sizes&quot;:[]},&quot;_transform_rotateZ_effect_laptop&quot;:{&quot;unit&quot;:&quot;deg&quot;,&quot;size&quot;:&quot;&quot;,&quot;sizes&quot;:[]},&quot;_transform_rotateZ_effect_tablet_extra&quot;:{&quot;unit&quot;:&quot;deg&quot;,&quot;size&quot;:&quot;&quot;,&quot;sizes&quot;:[]},&quot;_transform_rotateZ_effect_tablet&quot;:{&quot;unit&quot;:&quot;deg&quot;,&quot;size&quot;:&quot;&quot;,&quot;sizes&quot;:[]},&quot;_transform_rotateZ_effect_mobile_extra&quot;:{&quot;unit&quot;:&quot;deg&quot;,&quot;size&quot;:&quot;&quot;,&quot;sizes&quot;:[]},&quot;_transform_rotateZ_effect_mobile&quot;:{&quot;unit&quot;:&quot;deg&quot;,&quot;size&quot;:&quot;&quot;,&quot;sizes&quot;:[]},&quot;_transform_rotateZ_effect_hover_widescreen&quot;:{&quot;unit&quot;:&quot;deg&quot;,&quot;size&quot;:&quot;&quot;,&quot;sizes&quot;:[]},&quot;_transform_rotateZ_effect_hover_laptop&quot;:{&quot;unit&quot;:&quot;deg&quot;,&quot;size&quot;:&quot;&quot;,&quot;sizes&quot;:[]},&quot;_transform_rotateZ_effect_hover_tablet_extra&quot;:{&quot;unit&quot;:&quot;deg&quot;,&quot;size&quot;:&quot;&quot;,&quot;sizes&quot;:[]},&quot;_transform_rotateZ_effect_hover_tablet&quot;:{&quot;unit&quot;:&quot;deg&quot;,&quot;size&quot;:&quot;&quot;,&quot;sizes&quot;:[]},&quot;_transform_rotateZ_effect_hover_mobile_extra&quot;:{&quot;unit&quot;:&quot;deg&quot;,&quot;size&quot;:&quot;&quot;,&quot;sizes&quot;:[]},&quot;_transform_rotateZ_effect_hover_mobile&quot;:{&quot;unit&quot;:&quot;deg&quot;,&quot;size&quot;:&quot;&quot;,&quot;sizes&quot;:[]}}\" data-widget_type=\"image.default\">\n\t\t\t\t\t\t\t\t\t\t\t\t\t\t\t<img decoding=\"async\" width=\"103\" height=\"103\" src=\"https:\/\/mindithr.com\/wp-content\/uploads\/2025\/02\/loading_logo.png\" class=\"attachment-large size-large wp-image-32\" alt=\"\" \/>\t\t\t\t\t\t\t\t\t\t\t\t\t\t\t<\/div>\n\t\t\t\t<div class=\"elementor-element elementor-element-20017de elementor-widget elementor-widget-theme-site-logo elementor-widget-image\" data-id=\"20017de\" data-element_type=\"widget\" data-e-type=\"widget\" data-widget_type=\"theme-site-logo.default\">\n\t\t\t\t\t\t\t\t\t\t\t<img decoding=\"async\" width=\"385\" height=\"105\" src=\"https:\/\/mindithr.com\/wp-content\/uploads\/2025\/02\/LOGO11_Mesa-de-trabajo-1-e1739811045201.png\" class=\"attachment-full size-full wp-image-31\" alt=\"\" srcset=\"https:\/\/mindithr.com\/wp-content\/uploads\/2025\/02\/LOGO11_Mesa-de-trabajo-1-e1739811045201.png 385w, https:\/\/mindithr.com\/wp-content\/uploads\/2025\/02\/LOGO11_Mesa-de-trabajo-1-e1739811045201-300x82.png 300w, https:\/\/mindithr.com\/wp-content\/uploads\/2025\/02\/LOGO11_Mesa-de-trabajo-1-e1739811045201-18x5.png 18w\" sizes=\"(max-width: 385px) 100vw, 385px\" \/>\t\t\t\t\t\t\t\t\t\t\t\t<\/div>\n\t\t\t\t<\/div>\n\t\t<div data-particle_enable=\"false\" data-particle-mobile-disabled=\"false\" class=\"elementor-element elementor-element-b35f05a e-con-full e-flex e-con e-child\" data-id=\"b35f05a\" data-element_type=\"container\" data-e-type=\"container\">\n\t\t\t\t<div class=\"elementor-element elementor-element-be9f0cd elementor-widget elementor-widget-heading\" data-id=\"be9f0cd\" data-element_type=\"widget\" data-e-type=\"widget\" data-widget_type=\"heading.default\">\n\t\t\t\t\t<h1 class=\"elementor-heading-title elementor-size-default\">\u00a1Sitio en mantenimiento!<\/h1>\t\t\t\t<\/div>\n\t\t\t\t<div class=\"elementor-element elementor-element-42bdbf0 elementor-widget elementor-widget-heading\" data-id=\"42bdbf0\" data-element_type=\"widget\" data-e-type=\"widget\" data-widget_type=\"heading.default\">\n\t\t\t\t\t<h3 class=\"elementor-heading-title elementor-size-default\">Disculp\u00e1 las molestias, nuestro sitio est\u00e1 actualmente bajo mantenimiento<\/h3>\t\t\t\t<\/div>\n\t\t\t\t<div class=\"elementor-element elementor-element-0d01e25 elementor-widget elementor-widget-heading\" data-id=\"0d01e25\" data-element_type=\"widget\" data-e-type=\"widget\" data-widget_type=\"heading.default\">\n\t\t\t\t\t<h2 class=\"elementor-heading-title elementor-size-default\"><a href=\"https:\/\/mindithr.hiringroom.com\/jobs\" target=\"_blank\">Cheque\u00e1 las posiciones activas en<br>nuestro portal de vacantes.<\/a><\/h2>\t\t\t\t<\/div>\n\t\t\t\t<div class=\"elementor-element elementor-element-60dfba3 elementor-widget elementor-widget-progress\" data-id=\"60dfba3\" data-element_type=\"widget\" data-e-type=\"widget\" data-widget_type=\"progress.default\">\n\t\t\t\t\t\n\t\t<div class=\"elementor-progress-wrapper\" role=\"progressbar\" aria-valuemin=\"0\" aria-valuemax=\"100\" aria-valuenow=\"95\" aria-valuetext=\"95% (&lt;b&gt;mindIT HR Agency...&lt;\/b&gt;)\">\n\t\t\t<div class=\"elementor-progress-bar\" data-max=\"95\">\n\t\t\t\t<span class=\"elementor-progress-text\"><b>mindIT HR Agency...<\/b><\/span>\n\t\t\t\t\t\t\t\t\t<span class=\"elementor-progress-percentage\">95%<\/span>\n\t\t\t\t\t\t\t<\/div>\n\t\t<\/div>\n\t\t\t\t\t\t<\/div>\n\t\t\t\t<\/div>\n\t\t\t\t\t<\/div>\n\t\t\t\t<\/div>\n\t\t\t\t<\/div>","protected":false},"excerpt":{"rendered":"<p>\u00a1Sitio en mantenimiento! Disculp\u00e1 las molestias, nuestro sitio est\u00e1 actualmente bajo mantenimiento Cheque\u00e1 las posiciones activas ennuestro portal de vacantes. [&hellip;]<\/p>\n","protected":false},"author":2,"featured_media":0,"parent":0,"menu_order":0,"comment_status":"closed","ping_status":"closed","template":"elementor_canvas","meta":{"_acf_changed":false,"site-sidebar-layout":"no-sidebar","site-content-layout":"","ast-site-content-layout":"full-width-container","site-content-style":"default","site-sidebar-style":"default","ast-global-header-display":"","ast-banner-title-visibility":"","ast-main-header-display":"","ast-hfb-above-header-display":"","ast-hfb-below-header-display":"","ast-hfb-mobile-header-display":"","site-post-title":"disabled","ast-breadcrumbs-content":"","ast-featured-img":"disabled","footer-sml-layout":"","ast-disable-related-posts":"","theme-transparent-header-meta":"","adv-header-id-meta":"","stick-header-meta":"","header-above-stick-meta":"","header-main-stick-meta":"","header-below-stick-meta":"","astra-migrate-meta-layouts":"default","ast-page-background-enabled":"default","ast-page-background-meta":{"desktop":{"background-color":"var(--ast-global-color-5)","background-image":"","background-repeat":"repeat","background-position":"center center","background-size":"auto","background-attachment":"scroll","background-type":"","background-media":"","overlay-type":"","overlay-color":"","overlay-opacity":"","overlay-gradient":""},"tablet":{"background-color":"","background-image":"","background-repeat":"repeat","background-position":"center center","background-size":"auto","background-attachment":"scroll","background-type":"","background-media":"","overlay-type":"","overlay-color":"","overlay-opacity":"","overlay-gradient":""},"mobile":{"background-color":"","background-image":"","background-repeat":"repeat","background-position":"center center","background-size":"auto","background-attachment":"scroll","background-type":"","background-media":"","overlay-type":"","overlay-color":"","overlay-opacity":"","overlay-gradient":""}},"ast-content-background-meta":{"desktop":{"background-color":"var(--ast-global-color-4)","background-image":"","background-repeat":"repeat","background-position":"center center","background-size":"auto","background-attachment":"scroll","background-type":"","background-media":"","overlay-type":"","overlay-color":"","overlay-opacity":"","overlay-gradient":""},"tablet":{"background-color":"var(--ast-global-color-4)","background-image":"","background-repeat":"repeat","background-position":"center center","background-size":"auto","background-attachment":"scroll","background-type":"","background-media":"","overlay-type":"","overlay-color":"","overlay-opacity":"","overlay-gradient":""},"mobile":{"background-color":"var(--ast-global-color-4)","background-image":"","background-repeat":"repeat","background-position":"center center","background-size":"auto","background-attachment":"scroll","background-type":"","background-media":"","overlay-type":"","overlay-color":"","overlay-opacity":"","overlay-gradient":""}},"_joinchat":[],"footnotes":""},"class_list":["post-2332","page","type-page","status-publish","hentry"],"pp_statuses_selecting_workflow":false,"pp_workflow_action":"current","pp_status_selection":"publish","acf":[],"yoast_head":"<!-- This site is optimized with the Yoast SEO Premium plugin v24.7 (Yoast SEO v27.5) - https:\/\/yoast.com\/product\/yoast-seo-premium-wordpress\/ -->\n<title>Sitio en mantenimiento \u2013 mindIT HR<\/title>\n<meta name=\"robots\" content=\"index, follow, max-snippet:-1, max-image-preview:large, max-video-preview:-1\" \/>\n<link rel=\"canonical\" href=\"https:\/\/mindithr.com\/en\/mantenimiento\/\" \/>\n<meta property=\"og:locale\" content=\"en_US\" \/>\n<meta property=\"og:type\" content=\"article\" \/>\n<meta property=\"og:title\" content=\"Mantenimiento\" \/>\n<meta property=\"og:description\" content=\"\u00a1Sitio en mantenimiento! Disculp\u00e1 las molestias, nuestro sitio est\u00e1 actualmente bajo mantenimiento Cheque\u00e1 las posiciones activas ennuestro portal de vacantes. [&hellip;]\" \/>\n<meta property=\"og:url\" content=\"https:\/\/mindithr.com\/en\/mantenimiento\/\" \/>\n<meta property=\"og:site_name\" content=\"mindIT HR\" \/>\n<meta property=\"article:publisher\" content=\"https:\/\/www.facebook.com\/mindithragency\/\" \/>\n<meta property=\"article:modified_time\" content=\"2025-03-26T18:17:14+00:00\" \/>\n<meta property=\"og:image\" content=\"https:\/\/mindithr.com\/wp-content\/uploads\/2025\/02\/loading_logo.png\" \/>\n<meta name=\"twitter:card\" content=\"summary_large_image\" \/>\n<meta name=\"twitter:site\" content=\"@mindIThr\" \/>\n<script type=\"application\/ld+json\" class=\"yoast-schema-graph\">{\"@context\":\"https:\\\/\\\/schema.org\",\"@graph\":[{\"@type\":\"WebPage\",\"@id\":\"https:\\\/\\\/mindithr.com\\\/mantenimiento\\\/\",\"url\":\"https:\\\/\\\/mindithr.com\\\/mantenimiento\\\/\",\"name\":\"Sitio en mantenimiento \u2013 mindIT HR\",\"isPartOf\":{\"@id\":\"https:\\\/\\\/mindithr.com\\\/es_es\\\/#website\"},\"primaryImageOfPage\":{\"@id\":\"https:\\\/\\\/mindithr.com\\\/mantenimiento\\\/#primaryimage\"},\"image\":{\"@id\":\"https:\\\/\\\/mindithr.com\\\/mantenimiento\\\/#primaryimage\"},\"thumbnailUrl\":\"http:\\\/\\\/mindithr.com\\\/wp-content\\\/uploads\\\/2025\\\/02\\\/loading_logo.png\",\"datePublished\":\"2025-03-19T14:41:03+00:00\",\"dateModified\":\"2025-03-26T18:17:14+00:00\",\"breadcrumb\":{\"@id\":\"https:\\\/\\\/mindithr.com\\\/mantenimiento\\\/#breadcrumb\"},\"inLanguage\":\"en-US\",\"potentialAction\":[{\"@type\":\"ReadAction\",\"target\":[\"https:\\\/\\\/mindithr.com\\\/mantenimiento\\\/\"]}]},{\"@type\":\"ImageObject\",\"inLanguage\":\"en-US\",\"@id\":\"https:\\\/\\\/mindithr.com\\\/mantenimiento\\\/#primaryimage\",\"url\":\"http:\\\/\\\/mindithr.com\\\/wp-content\\\/uploads\\\/2025\\\/02\\\/loading_logo.png\",\"contentUrl\":\"http:\\\/\\\/mindithr.com\\\/wp-content\\\/uploads\\\/2025\\\/02\\\/loading_logo.png\"},{\"@type\":\"BreadcrumbList\",\"@id\":\"https:\\\/\\\/mindithr.com\\\/mantenimiento\\\/#breadcrumb\",\"itemListElement\":[{\"@type\":\"ListItem\",\"position\":1,\"name\":\"Portada\",\"item\":\"https:\\\/\\\/mindithr.com\\\/\"},{\"@type\":\"ListItem\",\"position\":2,\"name\":\"Mantenimiento\"}]},{\"@type\":\"WebSite\",\"@id\":\"https:\\\/\\\/mindithr.com\\\/es_es\\\/#website\",\"url\":\"https:\\\/\\\/mindithr.com\\\/es_es\\\/\",\"name\":\"mindIT HR\",\"description\":\"mindIT HR Agency\",\"publisher\":{\"@id\":\"https:\\\/\\\/mindithr.com\\\/es_es\\\/#organization\"},\"alternateName\":\"mindIT HR\",\"potentialAction\":[{\"@type\":\"SearchAction\",\"target\":{\"@type\":\"EntryPoint\",\"urlTemplate\":\"https:\\\/\\\/mindithr.com\\\/es_es\\\/?s={search_term_string}\"},\"query-input\":{\"@type\":\"PropertyValueSpecification\",\"valueRequired\":true,\"valueName\":\"search_term_string\"}}],\"inLanguage\":\"en-US\"},{\"@type\":\"Organization\",\"@id\":\"https:\\\/\\\/mindithr.com\\\/es_es\\\/#organization\",\"name\":\"mindIT HR\",\"alternateName\":\"mindIT HR\",\"url\":\"https:\\\/\\\/mindithr.com\\\/es_es\\\/\",\"logo\":{\"@type\":\"ImageObject\",\"inLanguage\":\"en-US\",\"@id\":\"https:\\\/\\\/mindithr.com\\\/es_es\\\/#\\\/schema\\\/logo\\\/image\\\/\",\"url\":\"https:\\\/\\\/mindithr.com\\\/wp-content\\\/uploads\\\/2025\\\/02\\\/loading_logo.png\",\"contentUrl\":\"https:\\\/\\\/mindithr.com\\\/wp-content\\\/uploads\\\/2025\\\/02\\\/loading_logo.png\",\"width\":103,\"height\":103,\"caption\":\"mindIT HR\"},\"image\":{\"@id\":\"https:\\\/\\\/mindithr.com\\\/es_es\\\/#\\\/schema\\\/logo\\\/image\\\/\"},\"sameAs\":[\"https:\\\/\\\/www.facebook.com\\\/mindithragency\\\/\",\"https:\\\/\\\/x.com\\\/mindIThr\",\"https:\\\/\\\/www.youtube.com\\\/@mindit_hr\",\"https:\\\/\\\/www.linkedin.com\\\/company\\\/mindithr\",\"https:\\\/\\\/www.instagram.com\\\/mindithr\"]}]}<\/script>\n<!-- \/ Yoast SEO Premium plugin. -->","yoast_head_json":{"title":"Sitio en mantenimiento \u2013 mindIT HR","robots":{"index":"index","follow":"follow","max-snippet":"max-snippet:-1","max-image-preview":"max-image-preview:large","max-video-preview":"max-video-preview:-1"},"canonical":"https:\/\/mindithr.com\/en\/mantenimiento\/","og_locale":"en_US","og_type":"article","og_title":"Mantenimiento","og_description":"\u00a1Sitio en mantenimiento! Disculp\u00e1 las molestias, nuestro sitio est\u00e1 actualmente bajo mantenimiento Cheque\u00e1 las posiciones activas ennuestro portal de vacantes. [&hellip;]","og_url":"https:\/\/mindithr.com\/en\/mantenimiento\/","og_site_name":"mindIT HR","article_publisher":"https:\/\/www.facebook.com\/mindithragency\/","article_modified_time":"2025-03-26T18:17:14+00:00","og_image":[{"url":"https:\/\/mindithr.com\/wp-content\/uploads\/2025\/02\/loading_logo.png","type":"","width":"","height":""}],"twitter_card":"summary_large_image","twitter_site":"@mindIThr","schema":{"@context":"https:\/\/schema.org","@graph":[{"@type":"WebPage","@id":"https:\/\/mindithr.com\/mantenimiento\/","url":"https:\/\/mindithr.com\/mantenimiento\/","name":"Sitio en mantenimiento \u2013 mindIT HR","isPartOf":{"@id":"https:\/\/mindithr.com\/es_es\/#website"},"primaryImageOfPage":{"@id":"https:\/\/mindithr.com\/mantenimiento\/#primaryimage"},"image":{"@id":"https:\/\/mindithr.com\/mantenimiento\/#primaryimage"},"thumbnailUrl":"https:\/\/mindithr.com\/wp-content\/uploads\/2025\/02\/loading_logo.png","datePublished":"2025-03-19T14:41:03+00:00","dateModified":"2025-03-26T18:17:14+00:00","breadcrumb":{"@id":"https:\/\/mindithr.com\/mantenimiento\/#breadcrumb"},"inLanguage":"en-US","potentialAction":[{"@type":"ReadAction","target":["https:\/\/mindithr.com\/mantenimiento\/"]}]},{"@type":"ImageObject","inLanguage":"en-US","@id":"https:\/\/mindithr.com\/mantenimiento\/#primaryimage","url":"https:\/\/mindithr.com\/wp-content\/uploads\/2025\/02\/loading_logo.png","contentUrl":"https:\/\/mindithr.com\/wp-content\/uploads\/2025\/02\/loading_logo.png"},{"@type":"BreadcrumbList","@id":"https:\/\/mindithr.com\/mantenimiento\/#breadcrumb","itemListElement":[{"@type":"ListItem","position":1,"name":"Portada","item":"https:\/\/mindithr.com\/"},{"@type":"ListItem","position":2,"name":"Mantenimiento"}]},{"@type":"WebSite","@id":"https:\/\/mindithr.com\/es_es\/#website","url":"https:\/\/mindithr.com\/es_es\/","name":"mindIT HR","description":"mindIT HR Agency","publisher":{"@id":"https:\/\/mindithr.com\/es_es\/#organization"},"alternateName":"mindIT HR","potentialAction":[{"@type":"SearchAction","target":{"@type":"EntryPoint","urlTemplate":"https:\/\/mindithr.com\/es_es\/?s={search_term_string}"},"query-input":{"@type":"PropertyValueSpecification","valueRequired":true,"valueName":"search_term_string"}}],"inLanguage":"en-US"},{"@type":"Organization","@id":"https:\/\/mindithr.com\/es_es\/#organization","name":"mindIT HR","alternateName":"mindIT HR","url":"https:\/\/mindithr.com\/es_es\/","logo":{"@type":"ImageObject","inLanguage":"en-US","@id":"https:\/\/mindithr.com\/es_es\/#\/schema\/logo\/image\/","url":"https:\/\/mindithr.com\/wp-content\/uploads\/2025\/02\/loading_logo.png","contentUrl":"https:\/\/mindithr.com\/wp-content\/uploads\/2025\/02\/loading_logo.png","width":103,"height":103,"caption":"mindIT HR"},"image":{"@id":"https:\/\/mindithr.com\/es_es\/#\/schema\/logo\/image\/"},"sameAs":["https:\/\/www.facebook.com\/mindithragency\/","https:\/\/x.com\/mindIThr","https:\/\/www.youtube.com\/@mindit_hr","https:\/\/www.linkedin.com\/company\/mindithr","https:\/\/www.instagram.com\/mindithr"]}]}},"_links":{"self":[{"href":"https:\/\/mindithr.com\/en\/wp-json\/wp\/v2\/pages\/2332","targetHints":{"allow":["GET"]}}],"collection":[{"href":"https:\/\/mindithr.com\/en\/wp-json\/wp\/v2\/pages"}],"about":[{"href":"https:\/\/mindithr.com\/en\/wp-json\/wp\/v2\/types\/page"}],"author":[{"embeddable":true,"href":"https:\/\/mindithr.com\/en\/wp-json\/wp\/v2\/users\/2"}],"replies":[{"embeddable":true,"href":"https:\/\/mindithr.com\/en\/wp-json\/wp\/v2\/comments?post=2332"}],"version-history":[{"count":58,"href":"https:\/\/mindithr.com\/en\/wp-json\/wp\/v2\/pages\/2332\/revisions"}],"predecessor-version":[{"id":2583,"href":"https:\/\/mindithr.com\/en\/wp-json\/wp\/v2\/pages\/2332\/revisions\/2583"}],"wp:attachment":[{"href":"https:\/\/mindithr.com\/en\/wp-json\/wp\/v2\/media?parent=2332"}],"curies":[{"name":"wp","href":"https:\/\/api.w.org\/{rel}","templated":true}]}}